{"id":739,"date":"2020-01-10T11:49:02","date_gmt":"2020-01-10T10:49:02","guid":{"rendered":"http:\/\/alainpers.com\/?page_id=739"},"modified":"2020-01-10T12:16:43","modified_gmt":"2020-01-10T11:16:43","slug":"rgpd","status":"publish","type":"page","link":"https:\/\/alainpers.com\/fr\/mentions-legales\/rgpd\/","title":{"rendered":"RGPD"},"content":{"rendered":"<p><\/p>\n<p style=\"background: white; margin: 0cm 0cm 8.25pt 0cm;\"><span style=\"font-size: 13.5pt; font-family: 'Georgia','serif';\">Les informations recueillies sur ce formulaire sont enregistr\u00e9es dans un fichier informatis\u00e9 par\u00a0<strong style=\"box-sizing: border-box;\"><span style=\"font-family: 'Georgia','serif';\">Alain Persouyre 80 rue Albert 75013 Paris <\/span><\/strong>pour r\u00e9pondre \u00e0 votre demande via le formulaire de contact<\/span><\/p>\n<p style=\"background: white; margin: 0cm 0cm 8.25pt 0cm;\"><span style=\"font-size: 13.5pt; font-family: 'Georgia','serif';\">Les donn\u00e9es collect\u00e9es soit\u00a0: Nom, email et t\u00e9l\u00e9phone seront communiqu\u00e9es aux seuls destinataires suivants :\u00a0<strong style=\"box-sizing: border-box;\"><span style=\"font-family: 'Georgia','serif';\">Alain Persouyre<\/span><\/strong><\/span><\/p>\n<p style=\"background: white; box-sizing: border-box; overflow-wrap: break-word; font-variant-ligatures: normal; font-variant-caps: normal; orphans: 2; widows: 2; -webkit-text-stroke-width: 0px; text-decoration-style: initial; text-decoration-color: initial; word-spacing: 0px; margin: 0cm 0cm 8.25pt 0cm;\"><span style=\"font-size: 13.5pt; font-family: 'Georgia','serif';\">Les donn\u00e9es sont conserv\u00e9es pendant\u00a0<strong style=\"box-sizing: border-box;\"><span style=\"font-family: 'Georgia','serif';\">2 mois<\/span><\/strong>.<\/span><\/p>\n<p style=\"background: white; box-sizing: border-box; overflow-wrap: break-word; font-variant-ligatures: normal; font-variant-caps: normal; orphans: 2; widows: 2; -webkit-text-stroke-width: 0px; text-decoration-style: initial; text-decoration-color: initial; word-spacing: 0px; margin: 0cm 0cm 8.25pt 0cm;\"><span style=\"font-size: 13.5pt; font-family: 'Georgia','serif';\">Vous pouvez acc\u00e9der aux donn\u00e9es vous concernant, les rectifier, demander leur effacement ou exercer votre droit \u00e0 la limitation du traitement de vos donn\u00e9es.<\/span><\/p>\n<p style=\"background: white; box-sizing: border-box; overflow-wrap: break-word; font-variant-ligatures: normal; font-variant-caps: normal; orphans: 2; widows: 2; -webkit-text-stroke-width: 0px; text-decoration-style: initial; text-decoration-color: initial; word-spacing: 0px; margin: 0cm 0cm 8.25pt 0cm;\"><span style=\"font-size: 13.5pt; font-family: 'Georgia','serif';\">Consultez le site\u00a0cnil.fr pour plus d\u2019informations sur vos droits.<\/span><\/p>\n<p style=\"background: white; box-sizing: border-box; overflow-wrap: break-word; font-variant-ligatures: normal; font-variant-caps: normal; orphans: 2; widows: 2; -webkit-text-stroke-width: 0px; text-decoration-style: initial; text-decoration-color: initial; word-spacing: 0px; margin: 0cm 0cm 8.25pt 0cm;\"><span style=\"font-size: 13.5pt; font-family: 'Georgia','serif';\">Pour exercer ces droits ou pour toute question sur le traitement de vos donn\u00e9es dans ce dispositif, vous pouvez contacter\u00a0Alain Persouyre 80 rue Albert 75013 Paris; 01 45 86 08 02 ou par mail\u00a0: <a href=\"mailto:alain@alainpers.com\"><span style=\"color: windowtext;\">alain@alainpers.com<\/span><\/a><\/span><\/p>\n<p style=\"background: white; margin: 0cm 0cm 8.25pt 0cm;\"><span style=\"font-size: 13.5pt; font-family: 'Georgia','serif';\">Si vous estimez, apr\u00e8s nous avoir contact\u00e9s, que vos droits \u00ab\u00a0Informatique et Libert\u00e9s\u00a0\u00bb ne sont pas respect\u00e9es, vous pouvez adresser une r\u00e9clamation \u00e0 la CNIL.<\/span><\/p>\n<p><\/p>","protected":false},"excerpt":{"rendered":"<p>Les informations recueillies sur ce formulaire sont enregistr\u00e9es dans un fichier informatis\u00e9 par\u00a0Alain Persouyre 80 rue Albert 75013 Paris pour r\u00e9pondre \u00e0 votre demande via le formulaire de contact Les donn\u00e9es collect\u00e9es soit\u00a0: Nom, email et t\u00e9l\u00e9phone seront communiqu\u00e9es aux seuls destinataires suivants :\u00a0Alain Persouyre Les donn\u00e9es sont conserv\u00e9es pendant\u00a02 mois. Vous pouvez acc\u00e9der aux &hellip; <\/p>\n<p class=\"link-more\"><a href=\"https:\/\/alainpers.com\/fr\/mentions-legales\/rgpd\/\" class=\"more-link\">Continue reading<span class=\"screen-reader-text\"> \u00ab\u00a0RGPD\u00a0\u00bb<\/span><\/a><\/p>\n","protected":false},"author":2,"featured_media":0,"parent":279,"menu_order":0,"comment_status":"closed","ping_status":"closed","template":"","meta":[],"acf":[],"yoast_head":"<!-- This site is optimized with the Yoast SEO plugin v21.1 - https:\/\/yoast.com\/wordpress\/plugins\/seo\/ -->\n<title>RGPD - Alainpers | Artiste sculpteur du temps<\/title>\n<meta name=\"robots\" content=\"index, follow, max-snippet:-1, max-image-preview:large, max-video-preview:-1\" \/>\n<link rel=\"canonical\" href=\"https:\/\/alainpers.com\/fr\/mentions-legales\/rgpd\/\" \/>\n<meta property=\"og:locale\" content=\"fr_FR\" \/>\n<meta property=\"og:type\" content=\"article\" \/>\n<meta property=\"og:title\" content=\"RGPD - Alainpers | Artiste sculpteur du temps\" \/>\n<meta property=\"og:description\" content=\"Les informations recueillies sur ce formulaire sont enregistr\u00e9es dans un fichier informatis\u00e9 par\u00a0Alain Persouyre 80 rue Albert 75013 Paris pour r\u00e9pondre \u00e0 votre demande via le formulaire de contact Les donn\u00e9es collect\u00e9es soit\u00a0: Nom, email et t\u00e9l\u00e9phone seront communiqu\u00e9es aux seuls destinataires suivants :\u00a0Alain Persouyre Les donn\u00e9es sont conserv\u00e9es pendant\u00a02 mois. Vous pouvez acc\u00e9der aux &hellip; Continue reading &quot;RGPD&quot;\" \/>\n<meta property=\"og:url\" content=\"https:\/\/alainpers.com\/fr\/mentions-legales\/rgpd\/\" \/>\n<meta property=\"og:site_name\" content=\"Alainpers | Artiste sculpteur du temps\" \/>\n<meta property=\"article:modified_time\" content=\"2020-01-10T11:16:43+00:00\" \/>\n<meta name=\"twitter:card\" content=\"summary_large_image\" \/>\n<meta name=\"twitter:label1\" content=\"Dur\u00e9e de lecture estim\u00e9e\" \/>\n\t<meta name=\"twitter:data1\" content=\"1 minute\" \/>\n<script type=\"application\/ld+json\" class=\"yoast-schema-graph\">{\"@context\":\"https:\/\/schema.org\",\"@graph\":[{\"@type\":\"WebPage\",\"@id\":\"https:\/\/alainpers.com\/fr\/mentions-legales\/rgpd\/\",\"url\":\"https:\/\/alainpers.com\/fr\/mentions-legales\/rgpd\/\",\"name\":\"RGPD - Alainpers | Artiste sculpteur du temps\",\"isPartOf\":{\"@id\":\"https:\/\/alainpers.com\/fr\/#website\"},\"datePublished\":\"2020-01-10T10:49:02+00:00\",\"dateModified\":\"2020-01-10T11:16:43+00:00\",\"breadcrumb\":{\"@id\":\"https:\/\/alainpers.com\/fr\/mentions-legales\/rgpd\/#breadcrumb\"},\"inLanguage\":\"fr-FR\",\"potentialAction\":[{\"@type\":\"ReadAction\",\"target\":[\"https:\/\/alainpers.com\/fr\/mentions-legales\/rgpd\/\"]}]},{\"@type\":\"BreadcrumbList\",\"@id\":\"https:\/\/alainpers.com\/fr\/mentions-legales\/rgpd\/#breadcrumb\",\"itemListElement\":[{\"@type\":\"ListItem\",\"position\":1,\"name\":\"Accueil\",\"item\":\"https:\/\/alainpers.com\/en\/\"},{\"@type\":\"ListItem\",\"position\":2,\"name\":\"Mentions l\u00e9gales\",\"item\":\"https:\/\/alainpers.com\/fr\/mentions-legales\/\"},{\"@type\":\"ListItem\",\"position\":3,\"name\":\"RGPD\"}]},{\"@type\":\"WebSite\",\"@id\":\"https:\/\/alainpers.com\/fr\/#website\",\"url\":\"https:\/\/alainpers.com\/fr\/\",\"name\":\"Alainpers | Artiste sculpteur du temps\",\"description\":\"DE LA LUMI\u00c8RE EN MOUVEMENT NA\u00ceT LE TEMPS\",\"publisher\":{\"@id\":\"https:\/\/alainpers.com\/fr\/#organization\"},\"potentialAction\":[{\"@type\":\"SearchAction\",\"target\":{\"@type\":\"EntryPoint\",\"urlTemplate\":\"https:\/\/alainpers.com\/fr\/?s={search_term_string}\"},\"query-input\":\"required name=search_term_string\"}],\"inLanguage\":\"fr-FR\"},{\"@type\":\"Organization\",\"@id\":\"https:\/\/alainpers.com\/fr\/#organization\",\"name\":\"Alainpers | Artiste sculpteur du temps\",\"url\":\"https:\/\/alainpers.com\/fr\/\",\"logo\":{\"@type\":\"ImageObject\",\"inLanguage\":\"fr-FR\",\"@id\":\"https:\/\/alainpers.com\/fr\/#\/schema\/logo\/image\/\",\"url\":\"https:\/\/alainpers.com\/wp-content\/uploads\/2017\/05\/cropped-bg-apers-v2.png\",\"contentUrl\":\"https:\/\/alainpers.com\/wp-content\/uploads\/2017\/05\/cropped-bg-apers-v2.png\",\"width\":250,\"height\":250,\"caption\":\"Alainpers | Artiste sculpteur du temps\"},\"image\":{\"@id\":\"https:\/\/alainpers.com\/fr\/#\/schema\/logo\/image\/\"}}]}<\/script>\n<!-- \/ Yoast SEO plugin. -->","yoast_head_json":{"title":"RGPD - Alainpers | Artiste sculpteur du temps","robots":{"index":"index","follow":"follow","max-snippet":"max-snippet:-1","max-image-preview":"max-image-preview:large","max-video-preview":"max-video-preview:-1"},"canonical":"https:\/\/alainpers.com\/fr\/mentions-legales\/rgpd\/","og_locale":"fr_FR","og_type":"article","og_title":"RGPD - Alainpers | Artiste sculpteur du temps","og_description":"Les informations recueillies sur ce formulaire sont enregistr\u00e9es dans un fichier informatis\u00e9 par\u00a0Alain Persouyre 80 rue Albert 75013 Paris pour r\u00e9pondre \u00e0 votre demande via le formulaire de contact Les donn\u00e9es collect\u00e9es soit\u00a0: Nom, email et t\u00e9l\u00e9phone seront communiqu\u00e9es aux seuls destinataires suivants :\u00a0Alain Persouyre Les donn\u00e9es sont conserv\u00e9es pendant\u00a02 mois. Vous pouvez acc\u00e9der aux &hellip; Continue reading \"RGPD\"","og_url":"https:\/\/alainpers.com\/fr\/mentions-legales\/rgpd\/","og_site_name":"Alainpers | Artiste sculpteur du temps","article_modified_time":"2020-01-10T11:16:43+00:00","twitter_card":"summary_large_image","twitter_misc":{"Dur\u00e9e de lecture estim\u00e9e":"1 minute"},"schema":{"@context":"https:\/\/schema.org","@graph":[{"@type":"WebPage","@id":"https:\/\/alainpers.com\/fr\/mentions-legales\/rgpd\/","url":"https:\/\/alainpers.com\/fr\/mentions-legales\/rgpd\/","name":"RGPD - Alainpers | Artiste sculpteur du temps","isPartOf":{"@id":"https:\/\/alainpers.com\/fr\/#website"},"datePublished":"2020-01-10T10:49:02+00:00","dateModified":"2020-01-10T11:16:43+00:00","breadcrumb":{"@id":"https:\/\/alainpers.com\/fr\/mentions-legales\/rgpd\/#breadcrumb"},"inLanguage":"fr-FR","potentialAction":[{"@type":"ReadAction","target":["https:\/\/alainpers.com\/fr\/mentions-legales\/rgpd\/"]}]},{"@type":"BreadcrumbList","@id":"https:\/\/alainpers.com\/fr\/mentions-legales\/rgpd\/#breadcrumb","itemListElement":[{"@type":"ListItem","position":1,"name":"Accueil","item":"https:\/\/alainpers.com\/en\/"},{"@type":"ListItem","position":2,"name":"Mentions l\u00e9gales","item":"https:\/\/alainpers.com\/fr\/mentions-legales\/"},{"@type":"ListItem","position":3,"name":"RGPD"}]},{"@type":"WebSite","@id":"https:\/\/alainpers.com\/fr\/#website","url":"https:\/\/alainpers.com\/fr\/","name":"Alainpers | Artiste sculpteur du temps","description":"DE LA LUMI\u00c8RE EN MOUVEMENT NA\u00ceT LE TEMPS","publisher":{"@id":"https:\/\/alainpers.com\/fr\/#organization"},"potentialAction":[{"@type":"SearchAction","target":{"@type":"EntryPoint","urlTemplate":"https:\/\/alainpers.com\/fr\/?s={search_term_string}"},"query-input":"required name=search_term_string"}],"inLanguage":"fr-FR"},{"@type":"Organization","@id":"https:\/\/alainpers.com\/fr\/#organization","name":"Alainpers | Artiste sculpteur du temps","url":"https:\/\/alainpers.com\/fr\/","logo":{"@type":"ImageObject","inLanguage":"fr-FR","@id":"https:\/\/alainpers.com\/fr\/#\/schema\/logo\/image\/","url":"https:\/\/alainpers.com\/wp-content\/uploads\/2017\/05\/cropped-bg-apers-v2.png","contentUrl":"https:\/\/alainpers.com\/wp-content\/uploads\/2017\/05\/cropped-bg-apers-v2.png","width":250,"height":250,"caption":"Alainpers | Artiste sculpteur du temps"},"image":{"@id":"https:\/\/alainpers.com\/fr\/#\/schema\/logo\/image\/"}}]}},"_links":{"self":[{"href":"https:\/\/alainpers.com\/fr\/wp-json\/wp\/v2\/pages\/739"}],"collection":[{"href":"https:\/\/alainpers.com\/fr\/wp-json\/wp\/v2\/pages"}],"about":[{"href":"https:\/\/alainpers.com\/fr\/wp-json\/wp\/v2\/types\/page"}],"author":[{"embeddable":true,"href":"https:\/\/alainpers.com\/fr\/wp-json\/wp\/v2\/users\/2"}],"replies":[{"embeddable":true,"href":"https:\/\/alainpers.com\/fr\/wp-json\/wp\/v2\/comments?post=739"}],"version-history":[{"count":0,"href":"https:\/\/alainpers.com\/fr\/wp-json\/wp\/v2\/pages\/739\/revisions"}],"up":[{"embeddable":true,"href":"https:\/\/alainpers.com\/fr\/wp-json\/wp\/v2\/pages\/279"}],"wp:attachment":[{"href":"https:\/\/alainpers.com\/fr\/wp-json\/wp\/v2\/media?parent=739"}],"curies":[{"name":"wp","href":"https:\/\/api.w.org\/{rel}","templated":true}]}}