{"id":269,"date":"2017-03-24T09:33:33","date_gmt":"2017-03-24T08:33:33","guid":{"rendered":"http:\/\/alainpers.com\/gabarit\/?page_id=269"},"modified":"2021-03-05T16:39:59","modified_gmt":"2021-03-05T15:39:59","slug":"artiste","status":"publish","type":"page","link":"https:\/\/alainpers.com\/fr\/artiste\/","title":{"rendered":"L&rsquo;histoire de l&rsquo;artiste"},"content":{"rendered":"<p><\/p>\n<h1>Designer, horloger, sculpteur, architecte, Alainpers rassemble dans ses r\u00e9alisations ces quatre m\u00e9tiers.<\/h1>\n<h2>La lumi\u00e8re et le temps une passion.<\/h2>\n<p>Depuis toujours, Alainpers, de son vrai nom Alain Persouyre, est sous l&#8217;emprise d&rsquo;une id\u00e9e : celle de la repr\u00e9sentation du temps. Un temps qui serait \u00e0 voir et \u00e0 penser.<\/p>\n<h2>Une \u0153uvre luminocin\u00e9tique associ\u00e9e au temps.<\/h2>\n<p>C&rsquo;est la visite d&rsquo;une exposition d&rsquo;art lumino-cin\u00e9tique \u00e0 l&rsquo;age de 17 ans qui l\u2019am\u00e8nera \u00e0 devenir artiste plasticien. Un passage dans l&rsquo;industrie a\u00e9ronautique, puis dans le design industriel le conduit ainsi \u00e0 r\u00e9aliser ses propres cr\u00e9ations. Elles prennent la forme d&rsquo;objets, de tableaux et de sculptures monumentales. Elles sont parfois horloges, parfois sculptures abstraites, installations artistiques, mais toujours le reflet d\u2019un temps imaginatif.<\/p>\n<h2>Alainpers<\/h2>\n<p>Alain Persouyre de son vrai nom, artiste plasticien, sculpteur du temps et de la lumi\u00e8re cr\u00e9ateur d&rsquo;incroyables horloges et tableaux lumineux Il est \u00e0 l&rsquo;aise aussi bien \u00e0 l&rsquo;\u00e9chelle de la ville en cr\u00e9ant des horloges\/sculptures monumentales qu&rsquo;\u00e0 celle de l&rsquo;horloger, du designer, du sculpteur, architecte du temps&#8230; Ses cr\u00e9ations sont \u00e0 la fois des objets utiles et des \u0153uvres artistiques.<\/p>","protected":false},"excerpt":{"rendered":"<p>Designer, horloger, sculpteur, architecte, Alainpers rassemble dans ses r\u00e9alisations ces quatre m\u00e9tiers. La lumi\u00e8re et le temps une passion. Depuis toujours, Alainpers, de son vrai nom Alain Persouyre, est sous l&#8217;emprise d&rsquo;une id\u00e9e : celle de la repr\u00e9sentation du temps. Un temps qui serait \u00e0 voir et \u00e0 penser. Une \u0153uvre luminocin\u00e9tique associ\u00e9e au temps. &hellip; <\/p>\n<p class=\"link-more\"><a href=\"https:\/\/alainpers.com\/fr\/artiste\/\" class=\"more-link\">Continue reading<span class=\"screen-reader-text\"> \u00ab\u00a0L&rsquo;histoire de l&rsquo;artiste\u00a0\u00bb<\/span><\/a><\/p>\n","protected":false},"author":1,"featured_media":509,"parent":0,"menu_order":0,"comment_status":"closed","ping_status":"closed","template":"","meta":[],"acf":[],"yoast_head":"<!-- This site is optimized with the Yoast SEO plugin v21.1 - https:\/\/yoast.com\/wordpress\/plugins\/seo\/ -->\n<title>L&#039;histoire de l&#039;artiste - Alainpers | Artiste sculpteur du temps<\/title>\n<meta name=\"robots\" content=\"index, follow, max-snippet:-1, max-image-preview:large, max-video-preview:-1\" \/>\n<link rel=\"canonical\" href=\"https:\/\/alainpers.com\/en\/artiste\/\" \/>\n<meta property=\"og:locale\" content=\"fr_FR\" \/>\n<meta property=\"og:type\" content=\"article\" \/>\n<meta property=\"og:title\" content=\"L&#039;histoire de l&#039;artiste - Alainpers | Artiste sculpteur du temps\" \/>\n<meta property=\"og:description\" content=\"Designer, horloger, sculpteur, architecte, Alainpers rassemble dans ses r\u00e9alisations ces quatre m\u00e9tiers. La lumi\u00e8re et le temps une passion. Depuis toujours, Alainpers, de son vrai nom Alain Persouyre, est sous l&#8217;emprise d&rsquo;une id\u00e9e : celle de la repr\u00e9sentation du temps. Un temps qui serait \u00e0 voir et \u00e0 penser. Une \u0153uvre luminocin\u00e9tique associ\u00e9e au temps. &hellip; Continue reading &quot;L&rsquo;histoire de l&rsquo;artiste&quot;\" \/>\n<meta property=\"og:url\" content=\"https:\/\/alainpers.com\/en\/artiste\/\" \/>\n<meta property=\"og:site_name\" content=\"Alainpers | Artiste sculpteur du temps\" \/>\n<meta property=\"article:modified_time\" content=\"2021-03-05T15:39:59+00:00\" \/>\n<meta property=\"og:image\" content=\"https:\/\/alainpers.com\/wp-content\/uploads\/2018\/01\/Alainpers-wacker-p2.jpg\" \/>\n\t<meta property=\"og:image:width\" content=\"2339\" \/>\n\t<meta property=\"og:image:height\" content=\"1654\" \/>\n\t<meta property=\"og:image:type\" content=\"image\/jpeg\" \/>\n<meta name=\"twitter:card\" content=\"summary_large_image\" \/>\n<meta name=\"twitter:label1\" content=\"Dur\u00e9e de lecture estim\u00e9e\" \/>\n\t<meta name=\"twitter:data1\" content=\"2 minutes\" \/>\n<script type=\"application\/ld+json\" class=\"yoast-schema-graph\">{\"@context\":\"https:\/\/schema.org\",\"@graph\":[{\"@type\":\"WebPage\",\"@id\":\"https:\/\/alainpers.com\/en\/artiste\/\",\"url\":\"https:\/\/alainpers.com\/en\/artiste\/\",\"name\":\"L'histoire de l'artiste - Alainpers | Artiste sculpteur du temps\",\"isPartOf\":{\"@id\":\"https:\/\/alainpers.com\/fr\/#website\"},\"datePublished\":\"2017-03-24T08:33:33+00:00\",\"dateModified\":\"2021-03-05T15:39:59+00:00\",\"breadcrumb\":{\"@id\":\"https:\/\/alainpers.com\/en\/artiste\/#breadcrumb\"},\"inLanguage\":\"fr-FR\",\"potentialAction\":[{\"@type\":\"ReadAction\",\"target\":[\"https:\/\/alainpers.com\/en\/artiste\/\"]}]},{\"@type\":\"BreadcrumbList\",\"@id\":\"https:\/\/alainpers.com\/en\/artiste\/#breadcrumb\",\"itemListElement\":[{\"@type\":\"ListItem\",\"position\":1,\"name\":\"Accueil\",\"item\":\"https:\/\/alainpers.com\/en\/\"},{\"@type\":\"ListItem\",\"position\":2,\"name\":\"The artist\"}]},{\"@type\":\"WebSite\",\"@id\":\"https:\/\/alainpers.com\/fr\/#website\",\"url\":\"https:\/\/alainpers.com\/fr\/\",\"name\":\"Alainpers | Artiste sculpteur du temps\",\"description\":\"DE LA LUMI\u00c8RE EN MOUVEMENT NA\u00ceT LE TEMPS\",\"publisher\":{\"@id\":\"https:\/\/alainpers.com\/fr\/#organization\"},\"potentialAction\":[{\"@type\":\"SearchAction\",\"target\":{\"@type\":\"EntryPoint\",\"urlTemplate\":\"https:\/\/alainpers.com\/fr\/?s={search_term_string}\"},\"query-input\":\"required name=search_term_string\"}],\"inLanguage\":\"fr-FR\"},{\"@type\":\"Organization\",\"@id\":\"https:\/\/alainpers.com\/fr\/#organization\",\"name\":\"Alainpers | Artiste sculpteur du temps\",\"url\":\"https:\/\/alainpers.com\/fr\/\",\"logo\":{\"@type\":\"ImageObject\",\"inLanguage\":\"fr-FR\",\"@id\":\"https:\/\/alainpers.com\/fr\/#\/schema\/logo\/image\/\",\"url\":\"https:\/\/alainpers.com\/wp-content\/uploads\/2017\/05\/cropped-bg-apers-v2.png\",\"contentUrl\":\"https:\/\/alainpers.com\/wp-content\/uploads\/2017\/05\/cropped-bg-apers-v2.png\",\"width\":250,\"height\":250,\"caption\":\"Alainpers | Artiste sculpteur du temps\"},\"image\":{\"@id\":\"https:\/\/alainpers.com\/fr\/#\/schema\/logo\/image\/\"}}]}<\/script>\n<!-- \/ Yoast SEO plugin. -->","yoast_head_json":{"title":"L'histoire de l'artiste - Alainpers | Artiste sculpteur du temps","robots":{"index":"index","follow":"follow","max-snippet":"max-snippet:-1","max-image-preview":"max-image-preview:large","max-video-preview":"max-video-preview:-1"},"canonical":"https:\/\/alainpers.com\/en\/artiste\/","og_locale":"fr_FR","og_type":"article","og_title":"L'histoire de l'artiste - Alainpers | Artiste sculpteur du temps","og_description":"Designer, horloger, sculpteur, architecte, Alainpers rassemble dans ses r\u00e9alisations ces quatre m\u00e9tiers. La lumi\u00e8re et le temps une passion. Depuis toujours, Alainpers, de son vrai nom Alain Persouyre, est sous l&#8217;emprise d&rsquo;une id\u00e9e : celle de la repr\u00e9sentation du temps. Un temps qui serait \u00e0 voir et \u00e0 penser. Une \u0153uvre luminocin\u00e9tique associ\u00e9e au temps. &hellip; Continue reading \"L&rsquo;histoire de l&rsquo;artiste\"","og_url":"https:\/\/alainpers.com\/en\/artiste\/","og_site_name":"Alainpers | Artiste sculpteur du temps","article_modified_time":"2021-03-05T15:39:59+00:00","og_image":[{"width":2339,"height":1654,"url":"https:\/\/alainpers.com\/wp-content\/uploads\/2018\/01\/Alainpers-wacker-p2.jpg","type":"image\/jpeg"}],"twitter_card":"summary_large_image","twitter_misc":{"Dur\u00e9e de lecture estim\u00e9e":"2 minutes"},"schema":{"@context":"https:\/\/schema.org","@graph":[{"@type":"WebPage","@id":"https:\/\/alainpers.com\/en\/artiste\/","url":"https:\/\/alainpers.com\/en\/artiste\/","name":"L'histoire de l'artiste - Alainpers | Artiste sculpteur du temps","isPartOf":{"@id":"https:\/\/alainpers.com\/fr\/#website"},"datePublished":"2017-03-24T08:33:33+00:00","dateModified":"2021-03-05T15:39:59+00:00","breadcrumb":{"@id":"https:\/\/alainpers.com\/en\/artiste\/#breadcrumb"},"inLanguage":"fr-FR","potentialAction":[{"@type":"ReadAction","target":["https:\/\/alainpers.com\/en\/artiste\/"]}]},{"@type":"BreadcrumbList","@id":"https:\/\/alainpers.com\/en\/artiste\/#breadcrumb","itemListElement":[{"@type":"ListItem","position":1,"name":"Accueil","item":"https:\/\/alainpers.com\/en\/"},{"@type":"ListItem","position":2,"name":"The artist"}]},{"@type":"WebSite","@id":"https:\/\/alainpers.com\/fr\/#website","url":"https:\/\/alainpers.com\/fr\/","name":"Alainpers | Artiste sculpteur du temps","description":"DE LA LUMI\u00c8RE EN MOUVEMENT NA\u00ceT LE TEMPS","publisher":{"@id":"https:\/\/alainpers.com\/fr\/#organization"},"potentialAction":[{"@type":"SearchAction","target":{"@type":"EntryPoint","urlTemplate":"https:\/\/alainpers.com\/fr\/?s={search_term_string}"},"query-input":"required name=search_term_string"}],"inLanguage":"fr-FR"},{"@type":"Organization","@id":"https:\/\/alainpers.com\/fr\/#organization","name":"Alainpers | Artiste sculpteur du temps","url":"https:\/\/alainpers.com\/fr\/","logo":{"@type":"ImageObject","inLanguage":"fr-FR","@id":"https:\/\/alainpers.com\/fr\/#\/schema\/logo\/image\/","url":"https:\/\/alainpers.com\/wp-content\/uploads\/2017\/05\/cropped-bg-apers-v2.png","contentUrl":"https:\/\/alainpers.com\/wp-content\/uploads\/2017\/05\/cropped-bg-apers-v2.png","width":250,"height":250,"caption":"Alainpers | Artiste sculpteur du temps"},"image":{"@id":"https:\/\/alainpers.com\/fr\/#\/schema\/logo\/image\/"}}]}},"_links":{"self":[{"href":"https:\/\/alainpers.com\/fr\/wp-json\/wp\/v2\/pages\/269"}],"collection":[{"href":"https:\/\/alainpers.com\/fr\/wp-json\/wp\/v2\/pages"}],"about":[{"href":"https:\/\/alainpers.com\/fr\/wp-json\/wp\/v2\/types\/page"}],"author":[{"embeddable":true,"href":"https:\/\/alainpers.com\/fr\/wp-json\/wp\/v2\/users\/1"}],"replies":[{"embeddable":true,"href":"https:\/\/alainpers.com\/fr\/wp-json\/wp\/v2\/comments?post=269"}],"version-history":[{"count":0,"href":"https:\/\/alainpers.com\/fr\/wp-json\/wp\/v2\/pages\/269\/revisions"}],"wp:featuredmedia":[{"embeddable":true,"href":"https:\/\/alainpers.com\/fr\/wp-json\/wp\/v2\/media\/509"}],"wp:attachment":[{"href":"https:\/\/alainpers.com\/fr\/wp-json\/wp\/v2\/media?parent=269"}],"curies":[{"name":"wp","href":"https:\/\/api.w.org\/{rel}","templated":true}]}}