{"id":1057,"date":"2023-02-10T18:17:47","date_gmt":"2023-02-10T17:17:47","guid":{"rendered":"https:\/\/alainpers.com\/?page_id=1057"},"modified":"2023-02-10T19:14:56","modified_gmt":"2023-02-10T18:14:56","slug":"boutique-diagonal-by-alainpers","status":"publish","type":"page","link":"https:\/\/alainpers.com\/fr\/boutique-diagonal-by-alainpers\/","title":{"rendered":"BOUTIQUE <mark>DIAGONAL by Alainpers<\/mark>"},"content":{"rendered":"<div style=\"height:27px\" aria-hidden=\"true\" class=\"wp-block-spacer\"><\/div>\n\n\n\n<p><\/p>\n\n\n\n<h2 class=\"has-text-align-center\" id=\"diagonal-by-alainpers-est-la-marque-des-creations-a-prix-abordables-du-designer-alainpers\"> <strong>DIAGONAL BY ALAINPERS<\/strong> <\/h2>\n\n\n\n<h3 class=\"has-text-align-center\" id=\"diagonal-by-alainpers-est-la-marque-des-creations-a-prix-abordables-du-designer-alainpers\">La marque des cr\u00e9ations, \u00e0 prix abordables d&rsquo;Alainpers <\/h3>\n\n\n\n<h5 class=\"has-text-align-center\">Offrez-vous ses cr\u00e9ations inspir\u00e9es de l\u2019ensemble de son \u0153uvre artistique<\/h5>\n\n\n\n<hr class=\"wp-block-separator has-alpha-channel-opacity\"\/>\n\n\n\n<div class=\"wp-block-cover aligncenter has-custom-content-position is-position-top-center\"><span aria-hidden=\"true\" class=\"wp-block-cover__background has-background-dim-10 has-background-dim\"><\/span><img decoding=\"async\" loading=\"lazy\" width=\"1900\" height=\"954\" class=\"wp-block-cover__image-background wp-image-1082\" alt=\"Diagonal by Alainpers boutique horloges lumineuses led bleue minuteurs sabliers \" src=\"https:\/\/alainpers.com\/wp-content\/uploads\/2023\/02\/accueil-Diagonal-foret-2021.jpg\" style=\"object-position:49% 56%\" data-object-fit=\"cover\" data-object-position=\"49% 56%\" srcset=\"https:\/\/alainpers.com\/wp-content\/uploads\/2023\/02\/accueil-Diagonal-foret-2021.jpg 1900w, https:\/\/alainpers.com\/wp-content\/uploads\/2023\/02\/accueil-Diagonal-foret-2021-600x301.jpg 600w, https:\/\/alainpers.com\/wp-content\/uploads\/2023\/02\/accueil-Diagonal-foret-2021-1680x844.jpg 1680w, https:\/\/alainpers.com\/wp-content\/uploads\/2023\/02\/accueil-Diagonal-foret-2021-300x151.jpg 300w, https:\/\/alainpers.com\/wp-content\/uploads\/2023\/02\/accueil-Diagonal-foret-2021-768x386.jpg 768w, https:\/\/alainpers.com\/wp-content\/uploads\/2023\/02\/accueil-Diagonal-foret-2021-1536x771.jpg 1536w\" sizes=\"(max-width: 767px) 89vw, (max-width: 1000px) 54vw, (max-width: 1071px) 543px, 580px\" \/><div class=\"wp-block-cover__inner-container\">\n<p class=\"has-text-align-center has-white-color has-text-color has-large-font-size\"><a href=\"https:\/\/boutique.alainpers.com\">voir la boutique<\/a><\/p>\n<\/div><\/div>\n\n\n\n<p><\/p>","protected":false},"excerpt":{"rendered":"<p>DIAGONAL BY ALAINPERS La marque des cr\u00e9ations, \u00e0 prix abordables d&rsquo;Alainpers Offrez-vous ses cr\u00e9ations inspir\u00e9es de l\u2019ensemble de son \u0153uvre artistique<\/p>\n","protected":false},"author":2,"featured_media":0,"parent":0,"menu_order":0,"comment_status":"closed","ping_status":"closed","template":"","meta":[],"acf":[],"yoast_head":"<!-- This site is optimized with the Yoast SEO plugin v21.1 - https:\/\/yoast.com\/wordpress\/plugins\/seo\/ -->\n<title>BOUTIQUE DIAGONAL by Alainpers - Alainpers | Artiste sculpteur du temps<\/title>\n<meta name=\"robots\" content=\"index, follow, max-snippet:-1, max-image-preview:large, max-video-preview:-1\" \/>\n<link rel=\"canonical\" href=\"https:\/\/alainpers.com\/en\/boutique-diagonal-by-alainpers\/\" \/>\n<meta property=\"og:locale\" content=\"fr_FR\" \/>\n<meta property=\"og:type\" content=\"article\" \/>\n<meta property=\"og:title\" content=\"BOUTIQUE DIAGONAL by Alainpers - Alainpers | Artiste sculpteur du temps\" \/>\n<meta property=\"og:description\" content=\"DIAGONAL BY ALAINPERS La marque des cr\u00e9ations, \u00e0 prix abordables d&rsquo;Alainpers Offrez-vous ses cr\u00e9ations inspir\u00e9es de l\u2019ensemble de son \u0153uvre artistique\" \/>\n<meta property=\"og:url\" content=\"https:\/\/alainpers.com\/en\/boutique-diagonal-by-alainpers\/\" \/>\n<meta property=\"og:site_name\" content=\"Alainpers | Artiste sculpteur du temps\" \/>\n<meta property=\"article:modified_time\" content=\"2023-02-10T18:14:56+00:00\" \/>\n<meta property=\"og:image\" content=\"https:\/\/alainpers.com\/wp-content\/uploads\/2023\/02\/accueil-Diagonal-foret-2021.jpg\" \/>\n<meta name=\"twitter:card\" content=\"summary_large_image\" \/>\n<meta name=\"twitter:label1\" content=\"Dur\u00e9e de lecture estim\u00e9e\" \/>\n\t<meta name=\"twitter:data1\" content=\"1 minute\" \/>\n<script type=\"application\/ld+json\" class=\"yoast-schema-graph\">{\"@context\":\"https:\/\/schema.org\",\"@graph\":[{\"@type\":\"WebPage\",\"@id\":\"https:\/\/alainpers.com\/en\/boutique-diagonal-by-alainpers\/\",\"url\":\"https:\/\/alainpers.com\/en\/boutique-diagonal-by-alainpers\/\",\"name\":\"BOUTIQUE DIAGONAL by Alainpers - Alainpers | Artiste sculpteur du temps\",\"isPartOf\":{\"@id\":\"https:\/\/alainpers.com\/fr\/#website\"},\"datePublished\":\"2023-02-10T17:17:47+00:00\",\"dateModified\":\"2023-02-10T18:14:56+00:00\",\"breadcrumb\":{\"@id\":\"https:\/\/alainpers.com\/en\/boutique-diagonal-by-alainpers\/#breadcrumb\"},\"inLanguage\":\"fr-FR\",\"potentialAction\":[{\"@type\":\"ReadAction\",\"target\":[\"https:\/\/alainpers.com\/en\/boutique-diagonal-by-alainpers\/\"]}]},{\"@type\":\"BreadcrumbList\",\"@id\":\"https:\/\/alainpers.com\/en\/boutique-diagonal-by-alainpers\/#breadcrumb\",\"itemListElement\":[{\"@type\":\"ListItem\",\"position\":1,\"name\":\"Accueil\",\"item\":\"https:\/\/alainpers.com\/en\/\"},{\"@type\":\"ListItem\",\"position\":2,\"name\":\"BOUTIQUE DIAGONAL by Alainpers\"}]},{\"@type\":\"WebSite\",\"@id\":\"https:\/\/alainpers.com\/fr\/#website\",\"url\":\"https:\/\/alainpers.com\/fr\/\",\"name\":\"Alainpers | Artiste sculpteur du temps\",\"description\":\"DE LA LUMI\u00c8RE EN MOUVEMENT NA\u00ceT LE TEMPS\",\"publisher\":{\"@id\":\"https:\/\/alainpers.com\/fr\/#organization\"},\"potentialAction\":[{\"@type\":\"SearchAction\",\"target\":{\"@type\":\"EntryPoint\",\"urlTemplate\":\"https:\/\/alainpers.com\/fr\/?s={search_term_string}\"},\"query-input\":\"required name=search_term_string\"}],\"inLanguage\":\"fr-FR\"},{\"@type\":\"Organization\",\"@id\":\"https:\/\/alainpers.com\/fr\/#organization\",\"name\":\"Alainpers | Artiste sculpteur du temps\",\"url\":\"https:\/\/alainpers.com\/fr\/\",\"logo\":{\"@type\":\"ImageObject\",\"inLanguage\":\"fr-FR\",\"@id\":\"https:\/\/alainpers.com\/fr\/#\/schema\/logo\/image\/\",\"url\":\"https:\/\/alainpers.com\/wp-content\/uploads\/2017\/05\/cropped-bg-apers-v2.png\",\"contentUrl\":\"https:\/\/alainpers.com\/wp-content\/uploads\/2017\/05\/cropped-bg-apers-v2.png\",\"width\":250,\"height\":250,\"caption\":\"Alainpers | Artiste sculpteur du temps\"},\"image\":{\"@id\":\"https:\/\/alainpers.com\/fr\/#\/schema\/logo\/image\/\"}}]}<\/script>\n<!-- \/ Yoast SEO plugin. -->","yoast_head_json":{"title":"BOUTIQUE DIAGONAL by Alainpers - Alainpers | Artiste sculpteur du temps","robots":{"index":"index","follow":"follow","max-snippet":"max-snippet:-1","max-image-preview":"max-image-preview:large","max-video-preview":"max-video-preview:-1"},"canonical":"https:\/\/alainpers.com\/en\/boutique-diagonal-by-alainpers\/","og_locale":"fr_FR","og_type":"article","og_title":"BOUTIQUE DIAGONAL by Alainpers - Alainpers | Artiste sculpteur du temps","og_description":"DIAGONAL BY ALAINPERS La marque des cr\u00e9ations, \u00e0 prix abordables d&rsquo;Alainpers Offrez-vous ses cr\u00e9ations inspir\u00e9es de l\u2019ensemble de son \u0153uvre artistique","og_url":"https:\/\/alainpers.com\/en\/boutique-diagonal-by-alainpers\/","og_site_name":"Alainpers | Artiste sculpteur du temps","article_modified_time":"2023-02-10T18:14:56+00:00","og_image":[{"url":"https:\/\/alainpers.com\/wp-content\/uploads\/2023\/02\/accueil-Diagonal-foret-2021.jpg"}],"twitter_card":"summary_large_image","twitter_misc":{"Dur\u00e9e de lecture estim\u00e9e":"1 minute"},"schema":{"@context":"https:\/\/schema.org","@graph":[{"@type":"WebPage","@id":"https:\/\/alainpers.com\/en\/boutique-diagonal-by-alainpers\/","url":"https:\/\/alainpers.com\/en\/boutique-diagonal-by-alainpers\/","name":"BOUTIQUE DIAGONAL by Alainpers - Alainpers | Artiste sculpteur du temps","isPartOf":{"@id":"https:\/\/alainpers.com\/fr\/#website"},"datePublished":"2023-02-10T17:17:47+00:00","dateModified":"2023-02-10T18:14:56+00:00","breadcrumb":{"@id":"https:\/\/alainpers.com\/en\/boutique-diagonal-by-alainpers\/#breadcrumb"},"inLanguage":"fr-FR","potentialAction":[{"@type":"ReadAction","target":["https:\/\/alainpers.com\/en\/boutique-diagonal-by-alainpers\/"]}]},{"@type":"BreadcrumbList","@id":"https:\/\/alainpers.com\/en\/boutique-diagonal-by-alainpers\/#breadcrumb","itemListElement":[{"@type":"ListItem","position":1,"name":"Accueil","item":"https:\/\/alainpers.com\/en\/"},{"@type":"ListItem","position":2,"name":"BOUTIQUE DIAGONAL by Alainpers"}]},{"@type":"WebSite","@id":"https:\/\/alainpers.com\/fr\/#website","url":"https:\/\/alainpers.com\/fr\/","name":"Alainpers | Artiste sculpteur du temps","description":"DE LA LUMI\u00c8RE EN MOUVEMENT NA\u00ceT LE TEMPS","publisher":{"@id":"https:\/\/alainpers.com\/fr\/#organization"},"potentialAction":[{"@type":"SearchAction","target":{"@type":"EntryPoint","urlTemplate":"https:\/\/alainpers.com\/fr\/?s={search_term_string}"},"query-input":"required name=search_term_string"}],"inLanguage":"fr-FR"},{"@type":"Organization","@id":"https:\/\/alainpers.com\/fr\/#organization","name":"Alainpers | Artiste sculpteur du temps","url":"https:\/\/alainpers.com\/fr\/","logo":{"@type":"ImageObject","inLanguage":"fr-FR","@id":"https:\/\/alainpers.com\/fr\/#\/schema\/logo\/image\/","url":"https:\/\/alainpers.com\/wp-content\/uploads\/2017\/05\/cropped-bg-apers-v2.png","contentUrl":"https:\/\/alainpers.com\/wp-content\/uploads\/2017\/05\/cropped-bg-apers-v2.png","width":250,"height":250,"caption":"Alainpers | Artiste sculpteur du temps"},"image":{"@id":"https:\/\/alainpers.com\/fr\/#\/schema\/logo\/image\/"}}]}},"_links":{"self":[{"href":"https:\/\/alainpers.com\/fr\/wp-json\/wp\/v2\/pages\/1057"}],"collection":[{"href":"https:\/\/alainpers.com\/fr\/wp-json\/wp\/v2\/pages"}],"about":[{"href":"https:\/\/alainpers.com\/fr\/wp-json\/wp\/v2\/types\/page"}],"author":[{"embeddable":true,"href":"https:\/\/alainpers.com\/fr\/wp-json\/wp\/v2\/users\/2"}],"replies":[{"embeddable":true,"href":"https:\/\/alainpers.com\/fr\/wp-json\/wp\/v2\/comments?post=1057"}],"version-history":[{"count":21,"href":"https:\/\/alainpers.com\/fr\/wp-json\/wp\/v2\/pages\/1057\/revisions"}],"predecessor-version":[{"id":1087,"href":"https:\/\/alainpers.com\/fr\/wp-json\/wp\/v2\/pages\/1057\/revisions\/1087"}],"wp:attachment":[{"href":"https:\/\/alainpers.com\/fr\/wp-json\/wp\/v2\/media?parent=1057"}],"curies":[{"name":"wp","href":"https:\/\/api.w.org\/{rel}","templated":true}]}}